{"id":6,"date":"2025-09-26T10:57:14","date_gmt":"2025-09-26T08:57:14","guid":{"rendered":"https:\/\/www.detectivfrei.ch\/index.php\/one-page-express\/"},"modified":"2025-12-08T12:08:25","modified_gmt":"2025-12-08T11:08:25","slug":"privatdetektiv-detectivfrei-ag","status":"publish","type":"page","link":"https:\/\/www.detectivfrei.ch\/","title":{"rendered":"home"},"content":{"rendered":"<div  id=\"titelbox\" style=\"background-color: #ffffff;\" data-label=\"titelbox\" data-id=\"stripped-coloured-icon-boxes\" data-category=\"overlapable\" class=\"features-coloured-icon-boxes-section\" data-overlap=\"true\"> <div  class=\"gridContainer\"> <div  class=\"features-coloured-icon-boxes-innerrow flexbox-list dark-text\" data-type=\"row\"> <div  class=\"features-coloured-icon-boxes-featurecol cp3cols\">  <h4  class=\"\">\u00abDer Unterschied zwischen Vermutung und Gewissheit ist oft ein guter Privatdetektiv.\u00bb<\/h4><h4  class=\"\">Herzlich willkommen beim B\u00fcro Frei<\/h4> <p  class=\"\">Sie suchen einen Privatdetektiv in der Deutschschweiz? Bei uns sind Sie richtig.\n<br ><br >Mit Fachkompetenz und Diskretion beschaffen Detektive des B\u00fcro Frei Beweismittel. F\u00fcr Privatpersonen und Firmen.<\/p> <a  class=\"features-coloured-button\" href=\"mailto:info@detectivfrei.ch\" target=\"_self\">info@detectivfrei.ch<\/a> <div  class=\"spacer\" data-type=\"group\"><span  class=\"fa before\"><\/span><i  class=\"fa fa-bandcamp\" data-reiki-hidden=\"true\"><\/i><span  class=\"fa after\"><\/span><\/div><a  href=\"tel: +41442836080\" class=\"\" target=\"_self\">044 283 60 80<\/a><div  class=\"spacer\" data-type=\"group\"><span  class=\"fa before\"><\/span><i  class=\"fa fa-bandcamp\" data-reiki-hidden=\"true\"><\/i><span  class=\"fa after\"><\/span><\/div><a  href=\"https:\/\/wa.me\/41796084244\" class=\"\" target=\"_self\">Kontakt \u00fcber Whatsapp<\/a><div  class=\"spacer\" data-type=\"group\"><span  class=\"fa before\"><\/span><i  class=\"fa fa-bandcamp\" data-reiki-hidden=\"true\"><\/i><span  class=\"fa after\"><\/span><\/div><a  href=\"sgnl:\/\/signal.me\/#p\/+41796084244\" class=\"\" target=\"_self\">Kontakt \u00fcber Signal<\/a><h5  class=\"\">Kontaktieren Sie uns f\u00fcr eine unverbindliche Beratung.<\/h5><\/div>    <\/div> <\/div><\/div><div  id=\"dienstleistungen\" style=\"background-color: #ffffff;\" data-label=\"dienstleistungen\" data-id=\"content-image-left\" data-category=\"content\" class=\"content-left-image-section\"> <div  class=\"gridContainer\"> <div  class=\"row\"> <div  class=\"content-left-image-imgcol\" data-type=\"column\"><img  decoding=\"async\" class=\"custom-image\" src=\"https:\/\/www.detectivfrei.ch\/wp-content\/uploads\/2025\/10\/binocular-alu.jpg\" alt=\"Personen\u00fcberwachung\">  <\/div> <div  class=\"content-left-image-textcol dynamic-color\" data-type=\"column\"> <h2  class=\"\">unsere Dienstleistungen<\/h2> <h6  class=\"\">F\u00fcr Privatpersonen und Firmen<br >Observationen und Ermittlungen durch Privatdetektive in der Schweiz<\/h6><p  class=\"large_text\"><br >Unser Service ist sowohl im privaten als auch im gesch\u00e4ftlichen Bereich \u00e4usserst vielf\u00e4ltig und umfasst unter anderem folgende Dienstleistungen.&nbsp;<br ><br >Beschaffung von Beweismaterial und Informationen<br >Beziehungsangelegenheiten, Observationen<br >technische \u00dcberwachungen<br >Aufenthaltsnachforschungen Arbeitsortsermittlungen<br >pers\u00f6nliche Umfeldermittlungen<br >diskrete Kontroll\u00fcberwachungen<br >Recherchen bei Sachbesch\u00e4digung, Diebstahl, Ehrverletzungen usw.<br >\n<br ><br >Als Beauftragte von namhaften Industrie- und Dienstleistungsunternehmen sind wir beispielsweise in folgenden Gebieten t\u00e4tig:<br ><br >Ermittlungen bei arbeitsrechtlichen Angelegenheiten<br >Konkurrenzverbotsverletzungen<br >\u00dcberwachung von Aussendienstpersonal<br >allgemeine und spezielle Handelsausk\u00fcnfte<br >Versicherungsbetrug<br >Patent- und Lizenzverletzungen\n<br >Abwehr von Betriebsspionage \/ Sabotage<br >Inventurdifferenzen\/Diebst\u00e4hle\/Unterschlagungen<br >Solvenzabkl\u00e4rungen<br >Sicherung von Arrestforderungen<br >Ermittlungen bei verm\u00f6genssch\u00e4digendem Verhalten<br >Schutz des gesprochenen Wortes\n<br >IT Forensik<\/p>  <\/div> <\/div> <\/div> <\/div><div  id=\"ueberuns\" style=\"background-color: #f6f6f6;\" data-label=\"ueberuns\" data-id=\"about-big-images-section\" data-category=\"about\" class=\"about-big-images-section\"> <div  class=\"gridContainer\"> <div  class=\"about-big-images-textrow\"> <div  class=\"about-big-images-textcol dynamic-color\" data-type=\"column\"> <h5  class=\"\">\u00fcber uns<\/h5>  <p  class=\"\">Im Jahre 1949 gr\u00fcndete Hans Frei, ehemaliger Detektiv der Stadtpolizei Z\u00fcrich, die Einzelfirma \u00abPrivatdetektiv- und Informationsb\u00fcro H. Frei\u00bb. Nach seinem Tod \u00fcbernahm Willi Frei, ein Bruder des Gr\u00fcnders, die Unternehmung und \u00fcberf\u00fchrte sie 1984 in eine Aktiengesellschaft. Seit dem Jahre 2006 liegt die Firmenleitung in den H\u00e4nden von Themis Kostenas und Markus Wegst. Detectivfrei ist somit eines der \u00e4ltesten und wohl auch renommiertesten Z\u00fcrcher Unternehmen dieser Art.<br ><br >Der Name Detectivfrei AG steht heute f\u00fcr ein Dienstleistungsunternehmen mit einem sehr breit gef\u00e4cherten Angebot. Bedingt durch wirtschaftliche, soziale und gesetzliche \u00c4nderungen hat sich auch das Informationsbed\u00fcrfnis unserer Klienten in all den Jahren ge\u00e4ndert. Waren es fr\u00fcher vor allem Privatpersonen, welche im Hinblick auf familien-, g\u00fcter-, und erbrechtliche Auseinandersetzungen als Auftraggeber auftraten, so sind es heute vermehrt Industrie- und Dienstleistungsunternehmungen, die unseren Service in Anspruch nehmen.<br ><br >Dank unserer st\u00e4ndigen Anpassung an sich ver\u00e4ndernde Marktsituationen und durch die kontinuierliche Weiterbildung unserer Mitarbeiter verf\u00fcgen wir auch bei komplexen Problemstellungen, welche den Rahmen des traditionellen Aufgabenbereichs bei weitem sprengen, \u00fcber rasch realisierbare, effiziente und unkonventionelle L\u00f6sungsvorschl\u00e4ge. Das uns von einer grossen und namhaften Kundschaft immer wieder entgegengebrachte Vertrauen best\u00e4tigt die Richtigkeit des von uns eingeschlagenen Kurses und stellt gleichzeitig die Basis f\u00fcr unsere erfolgreiche T\u00e4tigkeit dar.<\/p>  <p  class=\"\"><span  id=\"idAuszugForm:rendered-excerpt\"><span  class=\"firmaImportantInfo firmaTitle\">Detectivfrei AG\n<br >Brunaustrasse 72 in 8002 Z\u00fcrich\n<br ><br >eingetragen im Handelsregister des Kantons Z\u00fcrich&nbsp;<br >Registernummer&nbsp;<\/span><\/span><span  id=\"idAuszugForm:rendered-excerpt\"><span  data-uid=\"true\" class=\"firmaImportantInfo\">CHE-107.821.493<\/span><\/span><\/p><\/div> <\/div> <\/div> <div  class=\"about-big-images-bottomrow\"> <div  class=\"about-big-images-leftimgcol\"><img  decoding=\"async\" class=\"about-big-images-leftimg\" src=\"https:\/\/www.detectivfrei.ch\/wp-content\/uploads\/2025\/09\/Detektei_funkg-scaled.jpg\" alt=\"Privatdetektei Funkger\u00e4te\"> <\/div> <div  class=\"about-big-images-centerimgcol\"><img  decoding=\"async\" class=\"about-big-images-centerimg\" src=\"https:\/\/www.detectivfrei.ch\/wp-content\/uploads\/2025\/09\/detektei-feldstecher-scaled.jpg\" alt=\"detektei feldstecher\"> <\/div> <div  class=\"about-big-images-rightimgcol\"><img  decoding=\"async\" class=\"about-big-images-rightimg\" src=\"https:\/\/www.detectivfrei.ch\/wp-content\/uploads\/2025\/09\/privatdetektiv-Fotokamera-scaled.jpg\" alt=\"Privatdetektei\"> <\/div> <\/div> <\/div><div  data-label=\"FAQ\" data-id=\"about-text-icons-section\" data-category=\"about\" class=\"about-text-icons-section\" id=\"faq\" style=\"background-color: rgb(255, 255, 255);\"> <div  class=\"gridContainer\"> <div  class=\"about-text-icons-innerrow dynamic-color\"> <div  class=\"about-text-icons-textcol\" data-type=\"column\"> <h5  class=\"\">oft gestellte Fragen<\/h5> <h3  class=\"\">FAQ<\/h3>  <\/div> <div  class=\"about-text-icons-cols flexbox-list\"> <div  class=\"about-text-icons-iconcol\"> <i  data-cp-fa=\"true\" class=\"font-icon-21 fa fa-rocket\" data-reiki-hidden=\"true\"><\/i> <h4  class=\"\">Wie kann ich einen Auftrag erteilen?<\/h4> <p  class=\"\">In einem Gespr\u00e4ch werden&nbsp;unverbindlich und kostenfrei&nbsp;die Machbarkeit, die Erfolgsaussichten und die zu erwartenden Kosten besprochen. Danach erh\u00e4lt der Kunde eine Kostenofferte und kann den Auftrag erteilen.<\/p><a  href=\"#\" target=\"_self\" data-reiki-hidden=\"true\"><i  data-cp-fa=\"true\" class=\"font-icon-20 fa fa-angle-double-right\"><\/i>&nbsp;learn more<\/a> <\/div> <div  class=\"about-text-icons-iconcol\"> <i  data-cp-fa=\"true\" class=\"font-icon-21 fa fa-cogs\" data-reiki-hidden=\"true\"><\/i> <h4  class=\"\">Welche Beweise erhalte ich? Und wann?<\/h4> <p  class=\"\">W\u00e4hrend des Auftrags erh\u00e4lt der Kunde live-updates inklusive Fotos und Videos. Somit gibt es jederzeit Kontrolle \u00fcber das Geschehen und die Kosten. Die Ereignisse werden schriftlich protokolliert und stehen als&nbsp; gerichtsverwertbarer Bericht zur Verf\u00fcgung.<\/p><a  href=\"#\" target=\"_self\" data-reiki-hidden=\"true\"><i  data-cp-fa=\"true\" class=\"font-icon-20 fa fa-angle-double-right\"><\/i>&nbsp;learn more<\/a> <\/div> <div  class=\"about-text-icons-iconcol\"> <i  data-cp-fa=\"true\" class=\"font-icon-21 fa fa-pie-chart\" data-reiki-hidden=\"true\"><\/i> <h4  class=\"\">Ist eine Observation legal?<\/h4> <p  class=\"\">Ja. Alles was sich im \u00f6ffentlichen Raum ereignet darf beobachtet und dokumentiert werden. Detectivfrei h\u00e4lt sich an geltendes Recht. Auf diese Weise erlangte Beweise sind gerichtsverwertbar.<\/p><a  href=\"#\" target=\"_self\" data-reiki-hidden=\"true\"><i  data-cp-fa=\"true\" class=\"font-icon-20 fa fa-angle-double-right\"><\/i>&nbsp;learn more<\/a> <\/div> <div  class=\"about-text-icons-iconcol\"> <i  data-cp-fa=\"true\" class=\"font-icon-21 fa fa-shopping-cart\" data-reiki-hidden=\"true\"><\/i> <h4  class=\"\">Gibt es eine Erfolgsgarantie?<\/h4> <p  class=\"\">Nein. Oft ist ungewiss was sich tats\u00e4chlich ereignen wird und wann das geschieht. Eine 100%ige Garantie gibt es nicht. Das B\u00fcro Frei setzt nur erfahrene Privatdetektive ein, weshalb die Erfolgschancen hoch sind. In der Regel klappt\u2019s.<\/p><a  href=\"#\" target=\"_self\" data-reiki-hidden=\"true\"><i  data-cp-fa=\"true\" class=\"font-icon-20 fa fa-angle-double-right\"><\/i>&nbsp;learn more<\/a> <\/div> <\/div> <\/div> <\/div><\/div><div  data-label=\"Features\" data-id=\"features-small-icon-cards-section\" data-category=\"features\" class=\"features-small-icon-cards-section\" id=\"features-5\" style=\"background-color: rgb(246, 246, 246);\"> <div  class=\"gridContainer\"> <div  class=\"features-small-icon-cards-textrow\"> <div  class=\"features-small-icon-cards-textcol dynamic-color\" data-type=\"column\"> <h2  class=\"\">Mitgliedschaften Berufsverb\u00e4nde<\/h2> <p  class=\"\">Die Detectivfrei AG ist Mitglied in folgenden nationalen und internationalen Berufsverb\u00e4nden:<\/p> <\/div> <\/div> <div  class=\"features-small-icon-cards-featuresrow dark-text\" data-type=\"row\"> <div  class=\"features-small-icon-cards-featcol\"> <div  class=\"features-small-icon-cards-featinnerrow\"> <div  class=\"features-small-icon-cards-iconcol\" data-preview-empty=\"1\">  <\/div> <div  class=\"features-small-icon-cards-feattextcol\" data-type=\"column\"> <h4  class=\"\">FSPD<\/h4> <p  class=\"\">Fachverband Schweizerischer Privatdetektive\n<br >www.fspd.ch<\/p> <\/div> <\/div> <\/div> <div  class=\"features-small-icon-cards-featcol\"> <div  class=\"features-small-icon-cards-featinnerrow\"> <div  class=\"features-small-icon-cards-iconcol\" data-preview-empty=\"1\">  <\/div> <div  class=\"features-small-icon-cards-feattextcol\" data-type=\"column\"> <h4  class=\"\">BUDEG<\/h4> <p  class=\"\">Bundesverband der Detektiv- &amp; Ermittlungsbranche\n<br >Deutschland \u2014 www.budeg.de<\/p> <\/div> <\/div> <\/div> <div  class=\"features-small-icon-cards-featcol\"> <div  class=\"features-small-icon-cards-featinnerrow\"> <div  class=\"features-small-icon-cards-iconcol\" data-preview-empty=\"1\">  <\/div> <div  class=\"features-small-icon-cards-feattextcol\" data-type=\"column\"> <h4  class=\"\">OEDV<\/h4> <p  class=\"\">\u00d6sterreichischer Detektiv-Verband<br >www.oedv.at<\/p> <\/div> <\/div> <\/div> <div  class=\"features-small-icon-cards-featcol\"> <div  class=\"features-small-icon-cards-featinnerrow\"> <div  class=\"features-small-icon-cards-iconcol\" data-preview-empty=\"1\">  <\/div> <div  class=\"features-small-icon-cards-feattextcol\" data-type=\"column\"> <h4  class=\"\">ABI<\/h4> <p  class=\"\">Association of British Investigators<br >www.theabi.org.uk<\/p> <\/div> <\/div> <\/div> <div  class=\"features-small-icon-cards-featcol\"> <div  class=\"features-small-icon-cards-featinnerrow\"> <div  class=\"features-small-icon-cards-iconcol\" data-preview-empty=\"1\">  <\/div> <div  class=\"features-small-icon-cards-feattextcol\" data-type=\"column\"> <h4  class=\"\">Federpol<\/h4> <p  class=\"\">Federazione Italiana Istituti di Investigazione Privata<br >www.federpol.it<\/p> <\/div> <\/div> <\/div> <div  class=\"features-small-icon-cards-featcol\"> <div  class=\"features-small-icon-cards-featinnerrow\"> <div  class=\"features-small-icon-cards-iconcol\" data-preview-empty=\"1\">  <\/div> <div  class=\"features-small-icon-cards-feattextcol\" data-type=\"column\"> <h4  class=\"\">IKD<\/h4> <p  class=\"\">angeschlossen an die&nbsp;Internationale Kommission der Detektiv-Verb\u00e4nde\n<br >www.i-k-d.com<\/p> <\/div> <\/div> <\/div> <\/div> <\/div><\/div>","protected":false},"excerpt":{"rendered":"<p>\u00abDer Unterschied zwischen Vermutung und Gewissheit ist oft ein guter Privatdetektiv.\u00bbHerzlich willkommen beim B\u00fcro Frei Sie suchen einen Privatdetektiv in der Deutschschweiz? Bei uns sind Sie richtig. Mit Fachkompetenz und Diskretion beschaffen Detektive des B\u00fcro Frei Beweismittel. F\u00fcr Privatpersonen und Firmen. info@detectivfrei.ch 044 283 60 80Kontakt \u00fcber WhatsappKontakt \u00fcber SignalKontaktieren Sie uns f\u00fcr eine unverbindliche&hellip; <br \/> <a class=\"button small blue\" href=\"https:\/\/www.detectivfrei.ch\/\">Read more<\/a><\/p>\n","protected":false},"author":1,"featured_media":0,"parent":0,"menu_order":0,"comment_status":"closed","ping_status":"closed","template":"","meta":{"footnotes":""},"class_list":["post-6","page","type-page","status-publish","hentry"],"yoast_head":"<!-- This site is optimized with the Yoast SEO plugin v26.5 - https:\/\/yoast.com\/wordpress\/plugins\/seo\/ -->\n<title>Privatdetektiv: Fachkompetenz und Erfahrung vereint - Detectivfrei AG<\/title>\n<meta name=\"description\" content=\"Erfahren Sie, wie ein Privatdetektiv Ihnen bei Beweismittelbeschaffung und Informationsrecherche diskret helfen kann.\" \/>\n<meta name=\"robots\" content=\"index, follow, max-snippet:-1, max-image-preview:large, max-video-preview:-1\" \/>\n<link rel=\"canonical\" href=\"https:\/\/www.detectivfrei.ch\/\" \/>\n<meta property=\"og:locale\" content=\"de_DE\" \/>\n<meta property=\"og:type\" content=\"article\" \/>\n<meta property=\"og:title\" content=\"Privatdetektiv: Fachkompetenz und Erfahrung vereint - Detectivfrei AG\" \/>\n<meta property=\"og:description\" content=\"Erfahren Sie, wie ein Privatdetektiv Ihnen bei Beweismittelbeschaffung und Informationsrecherche diskret helfen kann.\" \/>\n<meta property=\"og:url\" content=\"https:\/\/www.detectivfrei.ch\/\" \/>\n<meta property=\"og:site_name\" content=\"Detectivfrei AG\" \/>\n<meta property=\"article:modified_time\" content=\"2025-12-08T11:08:25+00:00\" \/>\n<meta property=\"og:image\" content=\"https:\/\/www.detectivfrei.ch\/wp-content\/uploads\/2025\/10\/binocular-alu.jpg\" \/>\n<meta name=\"twitter:card\" content=\"summary_large_image\" \/>\n<meta name=\"twitter:label1\" content=\"Gesch\u00e4tzte Lesezeit\" \/>\n\t<meta name=\"twitter:data1\" content=\"4\u00a0Minuten\" \/>\n<script type=\"application\/ld+json\" class=\"yoast-schema-graph\">{\"@context\":\"https:\/\/schema.org\",\"@graph\":[{\"@type\":\"WebPage\",\"@id\":\"https:\/\/www.detectivfrei.ch\/\",\"url\":\"https:\/\/www.detectivfrei.ch\/\",\"name\":\"Privatdetektiv: Fachkompetenz und Erfahrung vereint - Detectivfrei AG\",\"isPartOf\":{\"@id\":\"https:\/\/www.detectivfrei.ch\/#website\"},\"primaryImageOfPage\":{\"@id\":\"https:\/\/www.detectivfrei.ch\/#primaryimage\"},\"image\":{\"@id\":\"https:\/\/www.detectivfrei.ch\/#primaryimage\"},\"thumbnailUrl\":\"https:\/\/www.detectivfrei.ch\/wp-content\/uploads\/2025\/10\/binocular-alu.jpg\",\"datePublished\":\"2025-09-26T08:57:14+00:00\",\"dateModified\":\"2025-12-08T11:08:25+00:00\",\"description\":\"Erfahren Sie, wie ein Privatdetektiv Ihnen bei Beweismittelbeschaffung und Informationsrecherche diskret helfen kann.\",\"breadcrumb\":{\"@id\":\"https:\/\/www.detectivfrei.ch\/#breadcrumb\"},\"inLanguage\":\"de-CH\",\"potentialAction\":[{\"@type\":\"ReadAction\",\"target\":[\"https:\/\/www.detectivfrei.ch\/\"]}]},{\"@type\":\"ImageObject\",\"inLanguage\":\"de-CH\",\"@id\":\"https:\/\/www.detectivfrei.ch\/#primaryimage\",\"url\":\"https:\/\/www.detectivfrei.ch\/wp-content\/uploads\/2025\/10\/binocular-alu.jpg\",\"contentUrl\":\"https:\/\/www.detectivfrei.ch\/wp-content\/uploads\/2025\/10\/binocular-alu.jpg\"},{\"@type\":\"BreadcrumbList\",\"@id\":\"https:\/\/www.detectivfrei.ch\/#breadcrumb\",\"itemListElement\":[{\"@type\":\"ListItem\",\"position\":1,\"name\":\"Startseite\",\"item\":\"https:\/\/www.detectivfrei.ch\/\"},{\"@type\":\"ListItem\",\"position\":2,\"name\":\"home\"}]},{\"@type\":\"WebSite\",\"@id\":\"https:\/\/www.detectivfrei.ch\/#website\",\"url\":\"https:\/\/www.detectivfrei.ch\/\",\"name\":\"Detectivfrei AG\",\"description\":\"Privatdetektei\",\"potentialAction\":[{\"@type\":\"SearchAction\",\"target\":{\"@type\":\"EntryPoint\",\"urlTemplate\":\"https:\/\/www.detectivfrei.ch\/?s={search_term_string}\"},\"query-input\":{\"@type\":\"PropertyValueSpecification\",\"valueRequired\":true,\"valueName\":\"search_term_string\"}}],\"inLanguage\":\"de-CH\"}]}<\/script>\n<!-- \/ Yoast SEO plugin. -->","yoast_head_json":{"title":"Privatdetektiv: Fachkompetenz und Erfahrung vereint - Detectivfrei AG","description":"Erfahren Sie, wie ein Privatdetektiv Ihnen bei Beweismittelbeschaffung und Informationsrecherche diskret helfen kann.","robots":{"index":"index","follow":"follow","max-snippet":"max-snippet:-1","max-image-preview":"max-image-preview:large","max-video-preview":"max-video-preview:-1"},"canonical":"https:\/\/www.detectivfrei.ch\/","og_locale":"de_DE","og_type":"article","og_title":"Privatdetektiv: Fachkompetenz und Erfahrung vereint - Detectivfrei AG","og_description":"Erfahren Sie, wie ein Privatdetektiv Ihnen bei Beweismittelbeschaffung und Informationsrecherche diskret helfen kann.","og_url":"https:\/\/www.detectivfrei.ch\/","og_site_name":"Detectivfrei AG","article_modified_time":"2025-12-08T11:08:25+00:00","og_image":[{"url":"https:\/\/www.detectivfrei.ch\/wp-content\/uploads\/2025\/10\/binocular-alu.jpg","type":"","width":"","height":""}],"twitter_card":"summary_large_image","twitter_misc":{"Gesch\u00e4tzte Lesezeit":"4\u00a0Minuten"},"schema":{"@context":"https:\/\/schema.org","@graph":[{"@type":"WebPage","@id":"https:\/\/www.detectivfrei.ch\/","url":"https:\/\/www.detectivfrei.ch\/","name":"Privatdetektiv: Fachkompetenz und Erfahrung vereint - Detectivfrei AG","isPartOf":{"@id":"https:\/\/www.detectivfrei.ch\/#website"},"primaryImageOfPage":{"@id":"https:\/\/www.detectivfrei.ch\/#primaryimage"},"image":{"@id":"https:\/\/www.detectivfrei.ch\/#primaryimage"},"thumbnailUrl":"https:\/\/www.detectivfrei.ch\/wp-content\/uploads\/2025\/10\/binocular-alu.jpg","datePublished":"2025-09-26T08:57:14+00:00","dateModified":"2025-12-08T11:08:25+00:00","description":"Erfahren Sie, wie ein Privatdetektiv Ihnen bei Beweismittelbeschaffung und Informationsrecherche diskret helfen kann.","breadcrumb":{"@id":"https:\/\/www.detectivfrei.ch\/#breadcrumb"},"inLanguage":"de-CH","potentialAction":[{"@type":"ReadAction","target":["https:\/\/www.detectivfrei.ch\/"]}]},{"@type":"ImageObject","inLanguage":"de-CH","@id":"https:\/\/www.detectivfrei.ch\/#primaryimage","url":"https:\/\/www.detectivfrei.ch\/wp-content\/uploads\/2025\/10\/binocular-alu.jpg","contentUrl":"https:\/\/www.detectivfrei.ch\/wp-content\/uploads\/2025\/10\/binocular-alu.jpg"},{"@type":"BreadcrumbList","@id":"https:\/\/www.detectivfrei.ch\/#breadcrumb","itemListElement":[{"@type":"ListItem","position":1,"name":"Startseite","item":"https:\/\/www.detectivfrei.ch\/"},{"@type":"ListItem","position":2,"name":"home"}]},{"@type":"WebSite","@id":"https:\/\/www.detectivfrei.ch\/#website","url":"https:\/\/www.detectivfrei.ch\/","name":"Detectivfrei AG","description":"Privatdetektei","potentialAction":[{"@type":"SearchAction","target":{"@type":"EntryPoint","urlTemplate":"https:\/\/www.detectivfrei.ch\/?s={search_term_string}"},"query-input":{"@type":"PropertyValueSpecification","valueRequired":true,"valueName":"search_term_string"}}],"inLanguage":"de-CH"}]}},"_links":{"self":[{"href":"https:\/\/www.detectivfrei.ch\/index.php\/wp-json\/wp\/v2\/pages\/6","targetHints":{"allow":["GET"]}}],"collection":[{"href":"https:\/\/www.detectivfrei.ch\/index.php\/wp-json\/wp\/v2\/pages"}],"about":[{"href":"https:\/\/www.detectivfrei.ch\/index.php\/wp-json\/wp\/v2\/types\/page"}],"author":[{"embeddable":true,"href":"https:\/\/www.detectivfrei.ch\/index.php\/wp-json\/wp\/v2\/users\/1"}],"replies":[{"embeddable":true,"href":"https:\/\/www.detectivfrei.ch\/index.php\/wp-json\/wp\/v2\/comments?post=6"}],"version-history":[{"count":45,"href":"https:\/\/www.detectivfrei.ch\/index.php\/wp-json\/wp\/v2\/pages\/6\/revisions"}],"predecessor-version":[{"id":151,"href":"https:\/\/www.detectivfrei.ch\/index.php\/wp-json\/wp\/v2\/pages\/6\/revisions\/151"}],"wp:attachment":[{"href":"https:\/\/www.detectivfrei.ch\/index.php\/wp-json\/wp\/v2\/media?parent=6"}],"curies":[{"name":"wp","href":"https:\/\/api.w.org\/{rel}","templated":true}]}}